{"id":1098,"date":"2022-12-20T19:24:24","date_gmt":"2022-12-20T19:24:24","guid":{"rendered":"https:\/\/ipc.org.gt\/?page_id=1098"},"modified":"2025-01-09T21:49:57","modified_gmt":"2025-01-09T21:49:57","slug":"sistema-de-control-interno","status":"publish","type":"page","link":"https:\/\/ipc.org.gt\/?page_id=1098","title":{"rendered":"SISTEMA DE CONTROL INTERNO"},"content":{"rendered":"\n<p>INFORME ANUAL DE CONTROL INTERNO Y EVALUACION DE RIESGOS<\/p>\n\n\n\n<p class=\"has-text-align-left\">La Asociaci\u00f3n Instituto Panamericano contra la Ceguera -IPC- es una instituci\u00f3n que trabaja en el pa\u00eds para complementar la brecha de la atenci\u00f3n oftalmol\u00f3gica. IPC establece alianzas estrat\u00e9gicas con los siguientes centros para ampliar la oferta de servicios especializados: Centro Integral de Pr\u00f3tesis, EYESCAN Centro de Diagn\u00f3stico Ocular, Centro de Cirug\u00eda Ocular S.A., Club de Leones de Antigua Guatemala, Hospital Infantil Juan Pablo II.<br>La Asociaci\u00f3n Instituto Panamericano Contra la Ceguera y sus socios trabajan para controlar la principal causa de la ceguera en la regi\u00f3n, incrementando la cobertura de la cirug\u00eda de catarata, as\u00ed como para ampliar los programas vinculados con la baja visi\u00f3n, la ceguera infantil y los defectos de refracci\u00f3n, priorizando a los grupos desatendidos: ind\u00edgenas, y personas que viven en el \u00e1rea rural en condiciones de pobreza y dif\u00edcil acceso a servicios oftalmol\u00f3gicos. Asimismo, La Asociaci\u00f3n Instituto Panamericano Contra la Ceguera, sus socios y otras organizaciones del sector no gubernamental se enfocan en el desarrollo e implementaci\u00f3n de programas modelo para la retinopat\u00eda diab\u00e9tica y para fomentar la investigaci\u00f3n en materia de detecci\u00f3n y tratamiento del glaucoma y otras patolog\u00edas.<\/p>\n\n\n\n<p>DESCARGA:<\/p>\n\n\n\n<div class=\"wp-block-buttons is-layout-flex wp-block-buttons-is-layout-flex\">\n<div class=\"wp-block-button\"><a class=\"wp-block-button__link wp-element-button\" href=\"https:\/\/drive.google.com\/file\/d\/1VuNBR4xn-aDRUd__CxdmKjThx8CgvSAQ\/view?usp=sharing\"><strong>INFORME ANUAL DE CONTROL INTERNO Y EVALUACION DE RIESGOS IPC 2022<\/strong><\/a><\/div>\n\n\n\n<div class=\"wp-block-button\"><a class=\"wp-block-button__link wp-element-button\" href=\"https:\/\/drive.google.com\/file\/d\/1KNr3e0JEdNEV4QP0xnb-UH6apU7DeLkG\/view?usp=sharing\">INFORME ANUAL DE CONTROL INTERNO Y EVALUACION DE RIESGOS IPC 2023<\/a><\/div>\n\n\n\n<div class=\"wp-block-button\"><a class=\"wp-block-button__link wp-element-button\" href=\"https:\/\/drive.google.com\/file\/d\/1Qspf8Qxqpu-bgkC5HOqI4Q6jj2u4m_KZ\/view?usp=sharing\">INFORME ANUAL DE CONTROL INTERNO Y EVALUACION DE RIESGOS IPC 2024<\/a><\/div>\n\n\n\n<div class=\"wp-block-button\"><a class=\"wp-block-button__link wp-element-button\" href=\"https:\/\/drive.google.com\/file\/d\/1FnUCX9SublNjLvZynd1HkA3CwR8ZyiDB\/view?usp=sharing\">INFORME ANUAL DE CONTROL INTERNO Y EVALUACION DE RIESGO IPC 2025<\/a><\/div>\n<\/div>\n\n\n\n<p><\/p>\n","protected":false},"excerpt":{"rendered":"<p>INFORME ANUAL DE CONTROL INTERNO Y EVALUACION DE RIESGOS La Asociaci\u00f3n Instituto Panamericano contra la Ceguera -IPC- es una instituci\u00f3n\u2026<\/p>\n<p> <a class=\"continue-reading-link\" href=\"https:\/\/ipc.org.gt\/?page_id=1098\"><span>Continue reading<\/span><i class=\"crycon-right-dir\"><\/i><\/a> <\/p>\n","protected":false},"author":441,"featured_media":0,"parent":879,"menu_order":0,"comment_status":"closed","ping_status":"closed","template":"templates\/template-simple.php","meta":{"footnotes":""},"class_list":["post-1098","page","type-page","status-publish","hentry"],"_links":{"self":[{"href":"https:\/\/ipc.org.gt\/index.php?rest_route=\/wp\/v2\/pages\/1098","targetHints":{"allow":["GET"]}}],"collection":[{"href":"https:\/\/ipc.org.gt\/index.php?rest_route=\/wp\/v2\/pages"}],"about":[{"href":"https:\/\/ipc.org.gt\/index.php?rest_route=\/wp\/v2\/types\/page"}],"author":[{"embeddable":true,"href":"https:\/\/ipc.org.gt\/index.php?rest_route=\/wp\/v2\/users\/441"}],"replies":[{"embeddable":true,"href":"https:\/\/ipc.org.gt\/index.php?rest_route=%2Fwp%2Fv2%2Fcomments&post=1098"}],"version-history":[{"count":10,"href":"https:\/\/ipc.org.gt\/index.php?rest_route=\/wp\/v2\/pages\/1098\/revisions"}],"predecessor-version":[{"id":1246,"href":"https:\/\/ipc.org.gt\/index.php?rest_route=\/wp\/v2\/pages\/1098\/revisions\/1246"}],"up":[{"embeddable":true,"href":"https:\/\/ipc.org.gt\/index.php?rest_route=\/wp\/v2\/pages\/879"}],"wp:attachment":[{"href":"https:\/\/ipc.org.gt\/index.php?rest_route=%2Fwp%2Fv2%2Fmedia&parent=1098"}],"curies":[{"name":"wp","href":"https:\/\/api.w.org\/{rel}","templated":true}]}}