{"id":1114,"date":"2023-02-17T22:59:21","date_gmt":"2023-02-17T22:59:21","guid":{"rendered":"https:\/\/ipc.org.gt\/?page_id=1114"},"modified":"2024-01-10T20:37:37","modified_gmt":"2024-01-10T20:37:37","slug":"descarga-informes-mspas-ipc-2023","status":"publish","type":"page","link":"https:\/\/ipc.org.gt\/?page_id=1114","title":{"rendered":"Descarga Informes MSPAS \/ IPC 2023"},"content":{"rendered":"\n<p>Gracias a la alianza estrat\u00e9gica entre Ministerio de Salud P\u00fablica y Asistencia Social y la Asociaci\u00f3n Instituto Panamericano Contra la Ceguera, y con el apoyo de las distintas alcald\u00edas municipalidades quienes han facilitado la socializaci\u00f3n del programa, la convocatoria en las comunidades, y la log\u00edstica de movilizaci\u00f3n y realizaci\u00f3n de las jornadas oftalmol\u00f3gicas, a quienes adem\u00e1s de la consulta con el m\u00e9dico oftalm\u00f3logo especialista, tambi\u00e9n se les hizo entrega de medicamento y lentes oft\u00e1lmicos de manera gratuita.<\/p>\n\n\n\n<p class=\"has-medium-font-size\"><strong>Descargas Programas MSPAS \/ IPC 202<\/strong>3<\/p>\n\n\n\n<div class=\"wp-block-buttons is-layout-flex wp-block-buttons-is-layout-flex\">\n<div class=\"wp-block-button\"><a class=\"wp-block-button__link wp-element-button\" href=\"https:\/\/drive.google.com\/file\/d\/1V3vSSjpRaepyrnRllCnwH49MIu5wngoV\/view?usp=sharing\">Enero 2023<\/a><\/div>\n\n\n\n<div class=\"wp-block-button\"><a class=\"wp-block-button__link wp-element-button\" href=\"https:\/\/drive.google.com\/file\/d\/1q2eQHwtfyHA1xxiag0IX35O1HvaPpTXt\/view?usp=share_link\">Febrero 2023<\/a><\/div>\n\n\n\n<div class=\"wp-block-button\"><a class=\"wp-block-button__link wp-element-button\" href=\"https:\/\/drive.google.com\/file\/d\/1ZQnsV6tLXRolzcvnOC32LB0RxMGCcdUL\/view?usp=share_link\">Marzo 2023<\/a><\/div>\n\n\n\n<div class=\"wp-block-button\"><a class=\"wp-block-button__link wp-element-button\" href=\"https:\/\/drive.google.com\/file\/d\/1Og_HHhWv_Gw_kFvl3xWfwV69D4ImyEad\/view?usp=sharing\">Abril 2023<\/a><\/div>\n\n\n\n<div class=\"wp-block-button\"><a class=\"wp-block-button__link wp-element-button\" href=\"https:\/\/drive.google.com\/file\/d\/1VOeVLdYRs3NMCLpWgcyR0ZiBmeNiouMR\/view?usp=sharing\">Mayo 2023<\/a><\/div>\n\n\n\n<div class=\"wp-block-button\"><a class=\"wp-block-button__link wp-element-button\" href=\"https:\/\/drive.google.com\/file\/d\/1oDauFJBy1fefV6EUaRwErLWXT3T3paOq\/view?usp=sharing\">Junio 2023<\/a><\/div>\n\n\n\n<div class=\"wp-block-button\"><a class=\"wp-block-button__link wp-element-button\" href=\"https:\/\/drive.google.com\/file\/d\/1rFVnJ7k-y-AVUdntfYZC6ZvLVpPE_fjj\/view?usp=sharing\">Julio 2023<\/a><\/div>\n\n\n\n<div class=\"wp-block-button\"><a class=\"wp-block-button__link wp-element-button\" href=\"https:\/\/drive.google.com\/file\/d\/1FPveBT-_NhS0jil5e07JyqawoKVanj4S\/view?usp=sharing\">Agosto 2023<\/a><\/div>\n\n\n\n<div class=\"wp-block-button\"><a class=\"wp-block-button__link wp-element-button\" href=\"https:\/\/drive.google.com\/file\/d\/1sC-Jsc7JH25Dzsk8GlCK0Q4nUTYigpTd\/view?usp=sharing\">Septiembre 2023<\/a><\/div>\n\n\n\n<div class=\"wp-block-button\"><a class=\"wp-block-button__link wp-element-button\" href=\"https:\/\/drive.google.com\/file\/d\/1iFxj5LHIOmwPzxdgQ7XRBD1-BPXwYTJo\/view?usp=sharing\">Octubre 2023<\/a><\/div>\n\n\n\n<div class=\"wp-block-button\"><a class=\"wp-block-button__link wp-element-button\" href=\"https:\/\/drive.google.com\/file\/d\/1vuEzywQNwn9XAzfVhUPkuILK5ndY4lA-\/view?usp=sharing\">Noviembre 2023<\/a><\/div>\n\n\n\n<div class=\"wp-block-button\"><a class=\"wp-block-button__link wp-element-button\" href=\"https:\/\/drive.google.com\/file\/d\/1W_L7pkF0dNe0VcEeUSDNxSYA7u5bvIzv\/view?usp=sharing\">Diciembre 2023<\/a><\/div>\n<\/div>\n\n\n\n<p><\/p>\n\n\n\n<p><\/p>\n\n\n\n<p><\/p>\n","protected":false},"excerpt":{"rendered":"<p>Gracias a la alianza estrat\u00e9gica entre Ministerio de Salud P\u00fablica y Asistencia Social y la Asociaci\u00f3n Instituto Panamericano Contra la\u2026<\/p>\n<p> <a class=\"continue-reading-link\" href=\"https:\/\/ipc.org.gt\/?page_id=1114\"><span>Continue reading<\/span><i class=\"crycon-right-dir\"><\/i><\/a> <\/p>\n","protected":false},"author":441,"featured_media":0,"parent":879,"menu_order":0,"comment_status":"closed","ping_status":"closed","template":"","meta":{"footnotes":""},"class_list":["post-1114","page","type-page","status-publish","hentry"],"_links":{"self":[{"href":"https:\/\/ipc.org.gt\/index.php?rest_route=\/wp\/v2\/pages\/1114","targetHints":{"allow":["GET"]}}],"collection":[{"href":"https:\/\/ipc.org.gt\/index.php?rest_route=\/wp\/v2\/pages"}],"about":[{"href":"https:\/\/ipc.org.gt\/index.php?rest_route=\/wp\/v2\/types\/page"}],"author":[{"embeddable":true,"href":"https:\/\/ipc.org.gt\/index.php?rest_route=\/wp\/v2\/users\/441"}],"replies":[{"embeddable":true,"href":"https:\/\/ipc.org.gt\/index.php?rest_route=%2Fwp%2Fv2%2Fcomments&post=1114"}],"version-history":[{"count":10,"href":"https:\/\/ipc.org.gt\/index.php?rest_route=\/wp\/v2\/pages\/1114\/revisions"}],"predecessor-version":[{"id":1184,"href":"https:\/\/ipc.org.gt\/index.php?rest_route=\/wp\/v2\/pages\/1114\/revisions\/1184"}],"up":[{"embeddable":true,"href":"https:\/\/ipc.org.gt\/index.php?rest_route=\/wp\/v2\/pages\/879"}],"wp:attachment":[{"href":"https:\/\/ipc.org.gt\/index.php?rest_route=%2Fwp%2Fv2%2Fmedia&parent=1114"}],"curies":[{"name":"wp","href":"https:\/\/api.w.org\/{rel}","templated":true}]}}