{"id":1239,"date":"2025-01-09T15:16:38","date_gmt":"2025-01-09T15:16:38","guid":{"rendered":"https:\/\/ipc.org.gt\/?page_id=1239"},"modified":"2025-12-10T18:21:27","modified_gmt":"2025-12-10T18:21:27","slug":"descarga-informes-mspas-ipc-2025","status":"publish","type":"page","link":"https:\/\/ipc.org.gt\/?page_id=1239","title":{"rendered":"Descarga Informes MSPAS \/ IPC 2025"},"content":{"rendered":"\n<p>Comprometidos en brindar servicio a m\u00e1s comunidades, en el&nbsp;<strong>INSTITUTO PANAMERICANO CONTRA LA CEGUERA<\/strong>&nbsp;seguimos ratificando nuestro compromiso con Guatemala. Gracias a la alianza estrat\u00e9gica entre Ministerio de Salud P\u00fablica y Asistencia Social y la Asociaci\u00f3n Instituto Panamericano Contra la Ceguera, y con el apoyo de las distintas alcald\u00edas municipalidades quienes han facilitado la socializaci\u00f3n del programa, la convocatoria en las comunidades, y la log\u00edstica de movilizaci\u00f3n y realizaci\u00f3n de las jornadas oftalmol\u00f3gicas, se ha podido acercar los servicios de salud ocular y prestar atenci\u00f3n m\u00e9dica oftalmol\u00f3gica especializada a personas de las comunidades rurales pertenecientes a los municipios de San Miguel Due\u00f1as, Sacatep\u00e9quez, Jocotenango, Antigua Guatemala, Jacaltenango, y San Antonio Huista, a quienes adem\u00e1s de la consulta con el m\u00e9dico oftalm\u00f3logo especialista, tambi\u00e9n se les hizo entrega de medicamento y lentes oft\u00e1lmicos de manera gratuita.<\/p>\n\n\n\n<p><strong>PROGRAMA DE ATENCI\u00d3N EN SALUD OCULAR<\/strong><\/p>\n\n\n\n<p><strong>servicio gratuito<\/strong><\/p>\n\n\n\n<p><strong>Descargas Programas MSPAS \/ IPC 2025<\/strong><\/p>\n\n\n\n<div class=\"wp-block-buttons is-layout-flex wp-block-buttons-is-layout-flex\">\n<div class=\"wp-block-button\"><a class=\"wp-block-button__link wp-element-button\" href=\"https:\/\/drive.google.com\/file\/d\/1r46_4oHlK1PndItBR4dPw6lUJrLCx0Lc\/view?usp=sharing\">ENERO 2025<\/a><\/div>\n\n\n\n<div class=\"wp-block-button\"><a class=\"wp-block-button__link wp-element-button\" href=\"https:\/\/drive.google.com\/file\/d\/1z8LXbq4ot8rgMWZTC6S_wQ5q_8tWVXpD\/view?usp=sharing\">FEBRERO 2025<\/a><\/div>\n\n\n\n<div class=\"wp-block-button\"><a class=\"wp-block-button__link wp-element-button\" href=\"https:\/\/drive.google.com\/file\/d\/1aBP4gq-g6Dqy7Si6lo1W0GuXqcKnjLh4\/view?usp=sharing\">MARZO 2025<\/a><\/div>\n\n\n\n<div class=\"wp-block-button\"><a class=\"wp-block-button__link wp-element-button\" href=\"https:\/\/drive.google.com\/file\/d\/1yj59QWFWgotFiTlnxq2tTpUMyJjqscDI\/view?usp=sharing\">ABRIL 2025<\/a><\/div>\n\n\n\n<div class=\"wp-block-button\"><a class=\"wp-block-button__link wp-element-button\" href=\"https:\/\/drive.google.com\/file\/d\/1enAVaO48f2d8JCSclmaZSk7JgK1eqCZX\/view?usp=sharing\">MAYO 2025<\/a><\/div>\n\n\n\n<div class=\"wp-block-button\"><a class=\"wp-block-button__link wp-element-button\" href=\"https:\/\/drive.google.com\/file\/d\/1IDM0c9qjA8hwkGjrw0C7BZGMhzg44ify\/view?usp=sharing\">JUNIO 2025<\/a><\/div>\n\n\n\n<div class=\"wp-block-button\"><a class=\"wp-block-button__link wp-element-button\" href=\"https:\/\/drive.google.com\/file\/d\/1UzsbEJAw6UsnPY8ciLd1utEB1Q65mwEg\/view?usp=sharing\">JULIO 2025<\/a><\/div>\n\n\n\n<div class=\"wp-block-button\"><a class=\"wp-block-button__link wp-element-button\" href=\"https:\/\/drive.google.com\/file\/d\/1xT9Pnko3z_JRN_uGXaV6Wsh5gcNCRZbT\/view?usp=sharing\">AGOSTO 2025<\/a><\/div>\n\n\n\n<div class=\"wp-block-button\"><a class=\"wp-block-button__link wp-element-button\" href=\"https:\/\/drive.google.com\/file\/d\/1K3ocVNWwN7K47IlL7KtmemuFFjbusTdm\/view?usp=sharing\">SEPTIEMBRE 2025<\/a><\/div>\n\n\n\n<div class=\"wp-block-button\"><a class=\"wp-block-button__link wp-element-button\" href=\"https:\/\/drive.google.com\/file\/d\/1L5LwXFYLs82abbIVI25JlwvmDCcFNPgy\/view?usp=sharing\">OCTUBRE 2025<\/a><\/div>\n\n\n\n<div class=\"wp-block-button\"><a class=\"wp-block-button__link wp-element-button\" href=\"https:\/\/drive.google.com\/file\/d\/11PqnzYHiUH11ZpMOYrnok2p_PxAOxX4Y\/view?usp=sharing\">NOVIEMBRE 2025<\/a><\/div>\n\n\n\n<div class=\"wp-block-button\"><a class=\"wp-block-button__link wp-element-button\">DICIEMBRE 2025<\/a><\/div>\n<\/div>\n\n\n\n<p><\/p>\n","protected":false},"excerpt":{"rendered":"<p>Comprometidos en brindar servicio a m\u00e1s comunidades, en el&nbsp;INSTITUTO PANAMERICANO CONTRA LA CEGUERA&nbsp;seguimos ratificando nuestro compromiso con Guatemala. Gracias a\u2026<\/p>\n<p> <a class=\"continue-reading-link\" href=\"https:\/\/ipc.org.gt\/?page_id=1239\"><span>Continue reading<\/span><i class=\"crycon-right-dir\"><\/i><\/a> <\/p>\n","protected":false},"author":441,"featured_media":0,"parent":0,"menu_order":0,"comment_status":"closed","ping_status":"closed","template":"","meta":{"footnotes":""},"class_list":["post-1239","page","type-page","status-publish","hentry"],"_links":{"self":[{"href":"https:\/\/ipc.org.gt\/index.php?rest_route=\/wp\/v2\/pages\/1239","targetHints":{"allow":["GET"]}}],"collection":[{"href":"https:\/\/ipc.org.gt\/index.php?rest_route=\/wp\/v2\/pages"}],"about":[{"href":"https:\/\/ipc.org.gt\/index.php?rest_route=\/wp\/v2\/types\/page"}],"author":[{"embeddable":true,"href":"https:\/\/ipc.org.gt\/index.php?rest_route=\/wp\/v2\/users\/441"}],"replies":[{"embeddable":true,"href":"https:\/\/ipc.org.gt\/index.php?rest_route=%2Fwp%2Fv2%2Fcomments&post=1239"}],"version-history":[{"count":10,"href":"https:\/\/ipc.org.gt\/index.php?rest_route=\/wp\/v2\/pages\/1239\/revisions"}],"predecessor-version":[{"id":1296,"href":"https:\/\/ipc.org.gt\/index.php?rest_route=\/wp\/v2\/pages\/1239\/revisions\/1296"}],"wp:attachment":[{"href":"https:\/\/ipc.org.gt\/index.php?rest_route=%2Fwp%2Fv2%2Fmedia&parent=1239"}],"curies":[{"name":"wp","href":"https:\/\/api.w.org\/{rel}","templated":true}]}}