{"id":1304,"date":"2026-05-07T21:06:09","date_gmt":"2026-05-07T21:06:09","guid":{"rendered":"https:\/\/ipc.org.gt\/?page_id=1304"},"modified":"2026-05-07T21:45:17","modified_gmt":"2026-05-07T21:45:17","slug":"descarga-informes-mspas-ipc-2026","status":"publish","type":"page","link":"https:\/\/ipc.org.gt\/?page_id=1304","title":{"rendered":"Descarga Informes MSPAS \/ IPC 2026"},"content":{"rendered":"\n<p>Comprometidos en brindar servicio a m\u00e1s comunidades, en el\u00a0<strong>INSTITUTO PANAMERICANO CONTRA LA CEGUERA<\/strong>\u00a0seguimos ratificando nuestro compromiso con Guatemala. Gracias a la alianza estrat\u00e9gica entre Ministerio de Salud P\u00fablica y Asistencia Social y la Asociaci\u00f3n Instituto Panamericano Contra la Ceguera, y con el apoyo de las distintas alcald\u00edas municipalidades quienes han facilitado la socializaci\u00f3n del programa, la convocatoria en las comunidades, y la log\u00edstica de movilizaci\u00f3n y realizaci\u00f3n de las jornadas oftalmol\u00f3gicas, se ha podido acercar los servicios de salud ocular y prestar atenci\u00f3n m\u00e9dica oftalmol\u00f3gica especializada a personas de las comunidades rurales pertenecientes a los municipios de , Sacatep\u00e9quez y Huehuetenango a quienes adem\u00e1s de la consulta con el m\u00e9dico oftalm\u00f3logo especialista, tambi\u00e9n se les hizo entrega de medicamento y lentes oft\u00e1lmicos de manera gratuita.<\/p>\n\n\n\n<p><strong>PROGRAMA DE ATENCI\u00d3N EN SALUD OCULAR<\/strong><\/p>\n\n\n\n<p><strong>servicio gratuito<\/strong><\/p>\n\n\n\n<p><strong>Descargas Programas MSPAS \/ IPC 2026<\/strong><\/p>\n\n\n\n<div class=\"wp-block-buttons is-layout-flex wp-block-buttons-is-layout-flex\">\n<div class=\"wp-block-button\"><a class=\"wp-block-button__link wp-element-button\" href=\"https:\/\/drive.google.com\/file\/d\/13QwQh21LFY0TB2RS488VjF0wUUNqWN2R\/view?usp=sharing\">ENERO 2026<\/a><\/div>\n\n\n\n<div class=\"wp-block-button\"><a class=\"wp-block-button__link wp-element-button\" href=\"https:\/\/drive.google.com\/file\/d\/14HWU8B02bL8dB_TdsnLB1ev55JmZjT_2\/view?usp=sharing\">FEBRERO 2026<\/a><\/div>\n\n\n\n<div class=\"wp-block-button\"><a class=\"wp-block-button__link wp-element-button\" href=\"https:\/\/drive.google.com\/file\/d\/1IaIeGNnUgkVnhqiyBMqNOkXlIy5bM2r2\/view?usp=sharing\">MARZO 2026<\/a><\/div>\n\n\n\n<div class=\"wp-block-button\"><a class=\"wp-block-button__link wp-element-button\">ABRIL 2026<\/a><\/div>\n<\/div>\n\n\n\n<p><\/p>\n","protected":false},"excerpt":{"rendered":"<p>Comprometidos en brindar servicio a m\u00e1s comunidades, en el\u00a0INSTITUTO PANAMERICANO CONTRA LA CEGUERA\u00a0seguimos ratificando nuestro compromiso con Guatemala. Gracias a\u2026<\/p>\n<p> <a class=\"continue-reading-link\" href=\"https:\/\/ipc.org.gt\/?page_id=1304\"><span>Continue reading<\/span><i class=\"crycon-right-dir\"><\/i><\/a> <\/p>\n","protected":false},"author":441,"featured_media":0,"parent":0,"menu_order":0,"comment_status":"closed","ping_status":"closed","template":"","meta":{"footnotes":""},"class_list":["post-1304","page","type-page","status-publish","hentry"],"_links":{"self":[{"href":"https:\/\/ipc.org.gt\/index.php?rest_route=\/wp\/v2\/pages\/1304","targetHints":{"allow":["GET"]}}],"collection":[{"href":"https:\/\/ipc.org.gt\/index.php?rest_route=\/wp\/v2\/pages"}],"about":[{"href":"https:\/\/ipc.org.gt\/index.php?rest_route=\/wp\/v2\/types\/page"}],"author":[{"embeddable":true,"href":"https:\/\/ipc.org.gt\/index.php?rest_route=\/wp\/v2\/users\/441"}],"replies":[{"embeddable":true,"href":"https:\/\/ipc.org.gt\/index.php?rest_route=%2Fwp%2Fv2%2Fcomments&post=1304"}],"version-history":[{"count":4,"href":"https:\/\/ipc.org.gt\/index.php?rest_route=\/wp\/v2\/pages\/1304\/revisions"}],"predecessor-version":[{"id":1310,"href":"https:\/\/ipc.org.gt\/index.php?rest_route=\/wp\/v2\/pages\/1304\/revisions\/1310"}],"wp:attachment":[{"href":"https:\/\/ipc.org.gt\/index.php?rest_route=%2Fwp%2Fv2%2Fmedia&parent=1304"}],"curies":[{"name":"wp","href":"https:\/\/api.w.org\/{rel}","templated":true}]}}