{"id":17,"date":"2016-11-24T21:13:19","date_gmt":"2016-11-24T21:13:19","guid":{"rendered":"https:\/\/ipc.org.gt\/admin\/?page_id=17"},"modified":"2026-04-10T16:48:48","modified_gmt":"2026-04-10T16:48:48","slug":"nosotros","status":"publish","type":"page","link":"https:\/\/ipc.org.gt\/?page_id=17","title":{"rendered":"NOSOTROS"},"content":{"rendered":"<div id=\"lipsum\">\n<p style=\"text-align: justify;\"><img loading=\"lazy\" decoding=\"async\" class=\"wp-image-374 size-full aligncenter\" src=\"https:\/\/ipc.org.gt\/admin\/wp-content\/uploads\/2016\/11\/banner_nosotros2.jpg\" alt=\"\" width=\"1500\" height=\"500\" srcset=\"https:\/\/ipc.org.gt\/admin\/wp-content\/uploads\/2016\/11\/banner_nosotros2.jpg 1500w, https:\/\/ipc.org.gt\/admin\/wp-content\/uploads\/2016\/11\/banner_nosotros2-300x100.jpg 300w, https:\/\/ipc.org.gt\/admin\/wp-content\/uploads\/2016\/11\/banner_nosotros2-768x256.jpg 768w, https:\/\/ipc.org.gt\/admin\/wp-content\/uploads\/2016\/11\/banner_nosotros2-1024x341.jpg 1024w, https:\/\/ipc.org.gt\/admin\/wp-content\/uploads\/2016\/11\/banner_nosotros2-250x83.jpg 250w, https:\/\/ipc.org.gt\/admin\/wp-content\/uploads\/2016\/11\/banner_nosotros2-150x50.jpg 150w\" sizes=\"auto, (max-width: 1500px) 100vw, 1500px\" \/><\/p>\n<h2><strong>\u00bfQui\u00e9nes Somos?<br \/>\n<\/strong><\/h2>\n<p>Somos una asociaci\u00f3n Guatemalteca (No lucrativa), que motivados en contribuir a disminuir la Ceguera en el pa\u00eds desarrollamos programas de salud visual preventiva en \u00e1reas sociales enfocados en la atenci\u00f3n a personas de escasos recursos que padecen de problemas visuales.<\/p>\n<p><img loading=\"lazy\" decoding=\"async\" class=\"size-full wp-image-150 aligncenter\" src=\"https:\/\/ipc.org.gt\/admin\/wp-content\/uploads\/2016\/11\/separador-1.png\" alt=\"separador\" width=\"590\" height=\"77\" srcset=\"https:\/\/ipc.org.gt\/admin\/wp-content\/uploads\/2016\/11\/separador-1.png 590w, https:\/\/ipc.org.gt\/admin\/wp-content\/uploads\/2016\/11\/separador-1-300x39.png 300w, https:\/\/ipc.org.gt\/admin\/wp-content\/uploads\/2016\/11\/separador-1-250x33.png 250w, https:\/\/ipc.org.gt\/admin\/wp-content\/uploads\/2016\/11\/separador-1-150x20.png 150w\" sizes=\"auto, (max-width: 590px) 100vw, 590px\" \/><\/p>\n<h2><strong>Nuestra Misi\u00f3n<\/strong><\/h2>\n<p>Proveer una atenci\u00f3n eficiente y eficaz a las personas que demandan nuestros servicios, con un enfoque social hacia las poblaciones rurales y pobres de Guatemala, sin acceso a servicios Oftalmol\u00f3gicos de buena calidad.<\/p>\n<p><img loading=\"lazy\" decoding=\"async\" class=\"size-full wp-image-150 aligncenter\" src=\"https:\/\/ipc.org.gt\/admin\/wp-content\/uploads\/2016\/11\/separador-1.png\" alt=\"separador\" width=\"590\" height=\"77\" srcset=\"https:\/\/ipc.org.gt\/admin\/wp-content\/uploads\/2016\/11\/separador-1.png 590w, https:\/\/ipc.org.gt\/admin\/wp-content\/uploads\/2016\/11\/separador-1-300x39.png 300w, https:\/\/ipc.org.gt\/admin\/wp-content\/uploads\/2016\/11\/separador-1-250x33.png 250w, https:\/\/ipc.org.gt\/admin\/wp-content\/uploads\/2016\/11\/separador-1-150x20.png 150w\" sizes=\"auto, (max-width: 590px) 100vw, 590px\" \/><\/p>\n<h2><strong>Nuestra Visi\u00f3n<\/strong><\/h2>\n<p>Establecernos como un centro cl\u00ednico de vanguardia para el diagn\u00f3stico y tratamiento de los problemas de salud ocular de Guatemala y Centro America, con un equipo de profesionales de alta calidad y con tecnolog\u00eda de punta.<\/p>\n<p><img loading=\"lazy\" decoding=\"async\" class=\"size-full wp-image-150 aligncenter\" src=\"https:\/\/ipc.org.gt\/admin\/wp-content\/uploads\/2016\/11\/separador-1.png\" alt=\"separador\" width=\"590\" height=\"77\" srcset=\"https:\/\/ipc.org.gt\/admin\/wp-content\/uploads\/2016\/11\/separador-1.png 590w, https:\/\/ipc.org.gt\/admin\/wp-content\/uploads\/2016\/11\/separador-1-300x39.png 300w, https:\/\/ipc.org.gt\/admin\/wp-content\/uploads\/2016\/11\/separador-1-250x33.png 250w, https:\/\/ipc.org.gt\/admin\/wp-content\/uploads\/2016\/11\/separador-1-150x20.png 150w\" sizes=\"auto, (max-width: 590px) 100vw, 590px\" \/><\/p>\n<h2><strong>Nuestros Valores<\/strong><\/h2>\n<ul>\n<li>La excelencia en la prestaci\u00f3n de servicio social.<\/li>\n<li>Compromiso con \u00e1reas rurales y marginales del territorio Guatemalteco.<\/li>\n<li>Un desarrollo sostenible, basado en criterios.<\/li>\n<li>\u00c9tica Profesional, Honestidad e integridad.<\/li>\n<li>Responsabilidad social.<\/li>\n<\/ul>\n<\/div>\n","protected":false},"excerpt":{"rendered":"<p>\u00bfQui\u00e9nes Somos? Somos una asociaci\u00f3n Guatemalteca (No lucrativa), que motivados en contribuir a disminuir la Ceguera en el pa\u00eds desarrollamos\u2026<\/p>\n<p> <a class=\"continue-reading-link\" href=\"https:\/\/ipc.org.gt\/?page_id=17\"><span>Continue reading<\/span><i class=\"crycon-right-dir\"><\/i><\/a> <\/p>\n","protected":false},"author":1,"featured_media":0,"parent":0,"menu_order":0,"comment_status":"closed","ping_status":"closed","template":"","meta":{"footnotes":""},"class_list":["post-17","page","type-page","status-publish","hentry"],"_links":{"self":[{"href":"https:\/\/ipc.org.gt\/index.php?rest_route=\/wp\/v2\/pages\/17","targetHints":{"allow":["GET"]}}],"collection":[{"href":"https:\/\/ipc.org.gt\/index.php?rest_route=\/wp\/v2\/pages"}],"about":[{"href":"https:\/\/ipc.org.gt\/index.php?rest_route=\/wp\/v2\/types\/page"}],"author":[{"embeddable":true,"href":"https:\/\/ipc.org.gt\/index.php?rest_route=\/wp\/v2\/users\/1"}],"replies":[{"embeddable":true,"href":"https:\/\/ipc.org.gt\/index.php?rest_route=%2Fwp%2Fv2%2Fcomments&post=17"}],"version-history":[{"count":10,"href":"https:\/\/ipc.org.gt\/index.php?rest_route=\/wp\/v2\/pages\/17\/revisions"}],"predecessor-version":[{"id":1299,"href":"https:\/\/ipc.org.gt\/index.php?rest_route=\/wp\/v2\/pages\/17\/revisions\/1299"}],"wp:attachment":[{"href":"https:\/\/ipc.org.gt\/index.php?rest_route=%2Fwp%2Fv2%2Fmedia&parent=17"}],"curies":[{"name":"wp","href":"https:\/\/api.w.org\/{rel}","templated":true}]}}