{"id":219,"date":"2017-01-30T18:48:10","date_gmt":"2017-01-30T18:48:10","guid":{"rendered":"https:\/\/ipc.org.gt\/admin\/?page_id=219"},"modified":"2017-05-10T23:48:21","modified_gmt":"2017-05-10T23:48:21","slug":"glaucoma","status":"publish","type":"page","link":"https:\/\/ipc.org.gt\/?page_id=219","title":{"rendered":"GLAUCOMA"},"content":{"rendered":"<div align=\"justify\">\n<p><img loading=\"lazy\" decoding=\"async\" class=\"size-full wp-image-400 aligncenter\" src=\"https:\/\/ipc.org.gt\/admin\/wp-content\/uploads\/2017\/01\/banner_glaucoma2.jpg\" alt=\"\" width=\"1500\" height=\"500\" srcset=\"https:\/\/ipc.org.gt\/admin\/wp-content\/uploads\/2017\/01\/banner_glaucoma2.jpg 1500w, https:\/\/ipc.org.gt\/admin\/wp-content\/uploads\/2017\/01\/banner_glaucoma2-300x100.jpg 300w, https:\/\/ipc.org.gt\/admin\/wp-content\/uploads\/2017\/01\/banner_glaucoma2-768x256.jpg 768w, https:\/\/ipc.org.gt\/admin\/wp-content\/uploads\/2017\/01\/banner_glaucoma2-1024x341.jpg 1024w, https:\/\/ipc.org.gt\/admin\/wp-content\/uploads\/2017\/01\/banner_glaucoma2-250x83.jpg 250w, https:\/\/ipc.org.gt\/admin\/wp-content\/uploads\/2017\/01\/banner_glaucoma2-150x50.jpg 150w\" sizes=\"auto, (max-width: 1500px) 100vw, 1500px\" \/><\/p>\n<p>El glaucoma es una neuropat\u00eda \u00f3ptica progresiva (una enfermedad del nervio \u00f3ptico) caracterizada po<img loading=\"lazy\" decoding=\"async\" class=\"size-full wp-image-402 alignright\" src=\"https:\/\/ipc.org.gt\/admin\/wp-content\/uploads\/2017\/01\/nosotros2-1.jpg\" alt=\"\" width=\"300\" height=\"300\" srcset=\"https:\/\/ipc.org.gt\/admin\/wp-content\/uploads\/2017\/01\/nosotros2-1.jpg 300w, https:\/\/ipc.org.gt\/admin\/wp-content\/uploads\/2017\/01\/nosotros2-1-150x150.jpg 150w\" sizes=\"auto, (max-width: 300px) 100vw, 300px\" \/>r un patr\u00f3n espec\u00edfico de da\u00f1o de la cabeza del nervio \u00f3ptico y del campo visual debido a la muerte de c\u00e9lulas ganglionares retinales, los axones que comprenden el nervio \u00f3ptico y llevan los impulsos visuales del ojo al cerebro.<\/p>\n<p>El glaucoma resulta de diferentes condiciones que afectan el ojo, la mayor\u00eda asociados con aumento de la presi\u00f3n intraocular. Se estima que 65 millones de personas en el mundo sufren glaucoma.<\/p>\n<p>Es importante aclarar que presi\u00f3n intraocular elevada no es sin\u00f3nimo de glaucoma, pero si es el factor de riesgo m\u00e1s importante para el desarrollo y progresi\u00f3n del da\u00f1o glaucomatoso.<\/p>\n<p>El glaucoma puede afectar a personas de todas las edades, desde reci\u00e9n nacidos hasta adultos mayores, pero quienes tienen un mayor riesgo son:<\/p>\n<p>\u2022 Personas con m\u00e1s de 60 a\u00f1os de edad<br \/>\n\u2022 Personas con descendencia afroamericana<br \/>\n\u2022 Personas con antecedente familiar de glaucoma<br \/>\n\u2022 Personas con alta miop\u00eda<br \/>\n\u2022 Personas que sufren diabetes<br \/>\n\u2022 Pacientes con tratamientos prolongados con corticoides<br \/>\n\u2022 Pacientes con antecedentes de traumatismos o intervenciones quir\u00fargicas oculares<\/p>\n<p>El tratamiento del glaucoma ser\u00e1 seg\u00fan las caracter\u00edsticas de cada paciente, el grado de lesi\u00f3n al nervio \u00f3ptico y la respuesta a los medicamentos en gotas que disminuyen la presi\u00f3n intraocular, los procedimientos que se realizan en glaucoma son:<\/p>\n<h3>1. L\u00e1ser:<\/h3>\n<p>\u2022 Trabeculoplastia en \u00e1ngulos abiertos<br \/>\n\u2022 Iridotom\u00eda en \u00e1ngulos estrechos<\/p>\n<h3>2. Cirug\u00eda<\/h3>\n<p>\u2022 Trabeculectom\u00eda o cirug\u00eda filtrante<br \/>\n\u2022 Dispositivos de drenaje o v\u00e1lvulas<br \/>\n\u2022 Cirug\u00eda combinada de catarata y glaucoma<br \/>\n\u2022 Ciclodestrucci\u00f3n<\/p>\n\n\t\t<style type=\"text\/css\">\n\t\t\t#gallery-1 {\n\t\t\t\tmargin: auto;\n\t\t\t}\n\t\t\t#gallery-1 .gallery-item {\n\t\t\t\tfloat: left;\n\t\t\t\tmargin-top: 10px;\n\t\t\t\ttext-align: center;\n\t\t\t\twidth: 50%;\n\t\t\t}\n\t\t\t#gallery-1 img {\n\t\t\t\tborder: 2px solid #cfcfcf;\n\t\t\t}\n\t\t\t#gallery-1 .gallery-caption {\n\t\t\t\tmargin-left: 0;\n\t\t\t}\n\t\t\t\/* see gallery_shortcode() in wp-includes\/media.php *\/\n\t\t<\/style>\n\t\t<div id='gallery-1' class='gallery galleryid-219 gallery-columns-2 gallery-size-thumbnail'><dl class='gallery-item'>\n\t\t\t<dt class='gallery-icon landscape'>\n\t\t\t\t<a title=\"glaucoma1\" href='https:\/\/ipc.org.gt\/admin\/wp-content\/uploads\/2017\/01\/glaucoma1.jpg'><img loading=\"lazy\" decoding=\"async\" width=\"150\" height=\"150\" src=\"https:\/\/ipc.org.gt\/admin\/wp-content\/uploads\/2017\/01\/glaucoma1-150x150.jpg\" class=\"attachment-thumbnail size-thumbnail\" alt=\"\" \/><\/a>\n\t\t\t<\/dt><\/dl><dl class='gallery-item'>\n\t\t\t<dt class='gallery-icon portrait'>\n\t\t\t\t<a title=\"glaucoma2\" href='https:\/\/ipc.org.gt\/admin\/wp-content\/uploads\/2017\/01\/glaucoma2.jpg'><img loading=\"lazy\" decoding=\"async\" width=\"150\" height=\"150\" src=\"https:\/\/ipc.org.gt\/admin\/wp-content\/uploads\/2017\/01\/glaucoma2-150x150.jpg\" class=\"attachment-thumbnail size-thumbnail\" alt=\"\" \/><\/a>\n\t\t\t<\/dt><\/dl><br style=\"clear: both\" \/>\n\t\t<\/div>\n\n<\/div>\n","protected":false},"excerpt":{"rendered":"<p>El glaucoma es una neuropat\u00eda \u00f3ptica progresiva (una enfermedad del nervio \u00f3ptico) caracterizada por un patr\u00f3n espec\u00edfico de da\u00f1o de\u2026<\/p>\n<p> <a class=\"continue-reading-link\" href=\"https:\/\/ipc.org.gt\/?page_id=219\"><span>Continue reading<\/span><i class=\"crycon-right-dir\"><\/i><\/a> <\/p>\n","protected":false},"author":1,"featured_media":0,"parent":0,"menu_order":0,"comment_status":"closed","ping_status":"closed","template":"","meta":{"footnotes":""},"class_list":["post-219","page","type-page","status-publish","hentry"],"_links":{"self":[{"href":"https:\/\/ipc.org.gt\/index.php?rest_route=\/wp\/v2\/pages\/219","targetHints":{"allow":["GET"]}}],"collection":[{"href":"https:\/\/ipc.org.gt\/index.php?rest_route=\/wp\/v2\/pages"}],"about":[{"href":"https:\/\/ipc.org.gt\/index.php?rest_route=\/wp\/v2\/types\/page"}],"author":[{"embeddable":true,"href":"https:\/\/ipc.org.gt\/index.php?rest_route=\/wp\/v2\/users\/1"}],"replies":[{"embeddable":true,"href":"https:\/\/ipc.org.gt\/index.php?rest_route=%2Fwp%2Fv2%2Fcomments&post=219"}],"version-history":[{"count":9,"href":"https:\/\/ipc.org.gt\/index.php?rest_route=\/wp\/v2\/pages\/219\/revisions"}],"predecessor-version":[{"id":403,"href":"https:\/\/ipc.org.gt\/index.php?rest_route=\/wp\/v2\/pages\/219\/revisions\/403"}],"wp:attachment":[{"href":"https:\/\/ipc.org.gt\/index.php?rest_route=%2Fwp%2Fv2%2Fmedia&parent=219"}],"curies":[{"name":"wp","href":"https:\/\/api.w.org\/{rel}","templated":true}]}}