{"id":228,"date":"2017-01-30T19:05:25","date_gmt":"2017-01-30T19:05:25","guid":{"rendered":"https:\/\/ipc.org.gt\/admin\/?page_id=228"},"modified":"2017-03-28T18:02:03","modified_gmt":"2017-03-28T18:02:03","slug":"retina-y-vitreo","status":"publish","type":"page","link":"https:\/\/ipc.org.gt\/?page_id=228","title":{"rendered":"RETINA Y VITREO"},"content":{"rendered":"<div align=\"justify\">\n<p><img loading=\"lazy\" decoding=\"async\" class=\"wp-image-375 size-full aligncenter\" src=\"https:\/\/ipc.org.gt\/admin\/wp-content\/uploads\/2016\/11\/banner_retina2.jpg\" alt=\"\" width=\"1500\" height=\"500\" srcset=\"https:\/\/ipc.org.gt\/admin\/wp-content\/uploads\/2016\/11\/banner_retina2.jpg 1500w, https:\/\/ipc.org.gt\/admin\/wp-content\/uploads\/2016\/11\/banner_retina2-300x100.jpg 300w, https:\/\/ipc.org.gt\/admin\/wp-content\/uploads\/2016\/11\/banner_retina2-768x256.jpg 768w, https:\/\/ipc.org.gt\/admin\/wp-content\/uploads\/2016\/11\/banner_retina2-1024x341.jpg 1024w, https:\/\/ipc.org.gt\/admin\/wp-content\/uploads\/2016\/11\/banner_retina2-250x83.jpg 250w, https:\/\/ipc.org.gt\/admin\/wp-content\/uploads\/2016\/11\/banner_retina2-150x50.jpg 150w\" sizes=\"auto, (max-width: 1500px) 100vw, 1500px\" \/><\/p>\n<p><strong>Degeneraciones Hereditarias de la Retina<\/strong><br \/>\n<strong> Las formas m\u00e1s comunes de enfermedades degenerativas retinianas, heredadas, son:<\/strong><\/p>\n<p><strong>Retinitis Pigmentosa<br \/>\n<\/strong>Corresponde a un grupo de degeneraciones retinianas hereditarias que se caracterizan por disfunci\u00f3n progresiva de los fotorreceptores y se relaciona con p\u00e9rdida celular progresiva y atrofia final de varia capas retinianas.\u2028\u2028Los s\u00edntomas fundamentales de la retinitis pigmentosa son: Ceguera nocturna y p\u00e9rdida perif\u00e9rica progresiva gradual del campo visual.<\/p>\n<p><strong>Degeneraci\u00f3n Macular<br \/>\n<\/strong>La degeneraci\u00f3n macular afecta la m\u00e1cula, la parte del ojo que permite ver los peque\u00f1os detalles. La degeneraci\u00f3n macular no causa dolor.<\/p>\n<p><strong>S\u00edndrome de Usher<br \/>\n<\/strong>El S\u00edndrome de Usher es una enfermedad gen\u00e9tica en la que se dan Retinosis pigmentaria e hipoacusia neurosensorial grave. Si se realiza un diagn\u00f3stico precoz de la enfermedad pueden tener un desarrollo psicomotor e intelectual aceptable gracias a las ayudas visuales y terapias de estimulaci\u00f3n combinadas con audioterapia.<\/p>\n<p><strong>Retinopat\u00eda del Prematuro<br \/>\n<\/strong>La retinopat\u00eda del prematuro (Fibroplastia Retrolental) (ROP) es el desarrollo anormal de los vasos sangu\u00edneos en la retina, comienza durante los primeros d\u00edas de vida, se presenta en ni\u00f1os prematuros de bajo peso, que nacen con la retina inmadura e incompletamente vascularizada. causando ceguera en cuesti\u00f3n de semanas.<\/p>\n<p><strong>Hemorragias V\u00edtreas<br \/>\n<\/strong>El v\u00edtreo es un tejido gelatinoso, transparente en condiciones normales, que llena el centro del globo ocular. La presencia de sangre, producida al sangrar los vasos de la retina, hace que el v\u00edtreo se vuelva opaco. A esto llamamos hemorragia v\u00edtrea y es otra causa de disminuci\u00f3n de visi\u00f3n, que en general se produce de forma brusca.<\/p>\n<p><strong>Degeneraci\u00f3n Macular Relacionada Con La Edad<br \/>\n<\/strong>La degeneraci\u00f3n macular relacionada con la edad (AMD siglas en ingl\u00e9s) es una enfermedad que afecta la visi\u00f3n central clara que se necesita para realizar las actividades en las que hay que ver directamente hacia delante como la lectura, la costura y el conducir. La degeneraci\u00f3n macular afecta la m\u00e1cula, la parte del ojo que permite ver los peque\u00f1os detalles. La degeneraci\u00f3n macular no causa dolor. La m\u00e1cula se puede ver afectada por un gran n\u00famero de enfermedades en todas la edades. La m\u00e1s com\u00fan es la llamada degeneraci\u00f3n macular de la edad, que ocurre como parte del proceso natural de deterioro de la edad.<\/p>\n<\/div>\n","protected":false},"excerpt":{"rendered":"<p>Degeneraciones Hereditarias de la Retina Las formas m\u00e1s comunes de enfermedades degenerativas retinianas, heredadas, son: Retinitis Pigmentosa Corresponde a un\u2026<\/p>\n<p> <a class=\"continue-reading-link\" href=\"https:\/\/ipc.org.gt\/?page_id=228\"><span>Continue reading<\/span><i class=\"crycon-right-dir\"><\/i><\/a> <\/p>\n","protected":false},"author":1,"featured_media":0,"parent":0,"menu_order":0,"comment_status":"closed","ping_status":"closed","template":"","meta":{"footnotes":""},"class_list":["post-228","page","type-page","status-publish","hentry"],"_links":{"self":[{"href":"https:\/\/ipc.org.gt\/index.php?rest_route=\/wp\/v2\/pages\/228","targetHints":{"allow":["GET"]}}],"collection":[{"href":"https:\/\/ipc.org.gt\/index.php?rest_route=\/wp\/v2\/pages"}],"about":[{"href":"https:\/\/ipc.org.gt\/index.php?rest_route=\/wp\/v2\/types\/page"}],"author":[{"embeddable":true,"href":"https:\/\/ipc.org.gt\/index.php?rest_route=\/wp\/v2\/users\/1"}],"replies":[{"embeddable":true,"href":"https:\/\/ipc.org.gt\/index.php?rest_route=%2Fwp%2Fv2%2Fcomments&post=228"}],"version-history":[{"count":4,"href":"https:\/\/ipc.org.gt\/index.php?rest_route=\/wp\/v2\/pages\/228\/revisions"}],"predecessor-version":[{"id":380,"href":"https:\/\/ipc.org.gt\/index.php?rest_route=\/wp\/v2\/pages\/228\/revisions\/380"}],"wp:attachment":[{"href":"https:\/\/ipc.org.gt\/index.php?rest_route=%2Fwp%2Fv2%2Fmedia&parent=228"}],"curies":[{"name":"wp","href":"https:\/\/api.w.org\/{rel}","templated":true}]}}