{"id":230,"date":"2017-01-30T19:06:07","date_gmt":"2017-01-30T19:06:07","guid":{"rendered":"https:\/\/ipc.org.gt\/admin\/?page_id=230"},"modified":"2020-05-04T06:08:30","modified_gmt":"2020-05-04T06:08:30","slug":"oculoplastica","status":"publish","type":"page","link":"https:\/\/ipc.org.gt\/?page_id=230","title":{"rendered":"OCULOPL\u00c1STICA"},"content":{"rendered":"<div align=\"justify\">\n<p>En la cl\u00ednica de oculopl\u00e1stica se atienden casos de pacientes (adultos y ni\u00f1os) con padecimientos o condiciones qu<img loading=\"lazy\" decoding=\"async\" class=\"alignright wp-image-397 size-medium\" src=\"https:\/\/ipc.org.gt\/admin\/wp-content\/uploads\/2017\/01\/foto-225x300.jpg\" alt=\"\" width=\"225\" height=\"300\" srcset=\"https:\/\/ipc.org.gt\/admin\/wp-content\/uploads\/2017\/01\/foto-225x300.jpg 225w, https:\/\/ipc.org.gt\/admin\/wp-content\/uploads\/2017\/01\/foto-112x150.jpg 112w, https:\/\/ipc.org.gt\/admin\/wp-content\/uploads\/2017\/01\/foto.jpg 665w\" sizes=\"auto, (max-width: 225px) 100vw, 225px\" \/>e afectan las estructuras que se encuentran alrededor de los ojos y\/o en su superficie (anexos del ojo), tales estructuras comprenden los p\u00e1rpados, la \u00f3rbita (huesos) y el sistema lagrimal, que es el sistema encargado de la producci\u00f3n y el drenaje de las l\u00e1grimas que lubrican la superficie del ojo.<\/p>\n<p>Las afecciones de los anexos del ojo son diversas, ya que pueden tener varios or\u00edgenes, y pueden presentarse en forma de tumores, manchas, lesiones o inflamaciones de los p\u00e1rpados o alrededor de ellos, problemas de lagrimeo excesivo, \u201ccarnosidades\u201d de la superficie ocular , ca\u00edda, inversi\u00f3n o eversi\u00f3n de los p\u00e1rpados, pesta\u00f1as mal posicionadas, incapacidad para parpadear de manera correcta o parpadeo excesivo por espasmos alrededor de los m\u00fasculos que cierran los ojos, protrusi\u00f3n o apariencia de ojos salidos a causa de masas en la \u00f3rbita y golpes o heridas que puedan afectar dichas \u00e1reas provocadas por ataques o accidentes. La mayor\u00eda de estas afecciones se resuelven satisfactoriamente con una cirug\u00eda y la anestesia utilizada es a nivel local, aunque puede variar dependiendo de cada caso o de la edad del paciente. Para saber m\u00e1s, puedes visitar <a href=\"http:\/\/burniva.info\/\">burniva<\/a>.<\/p>\n<p>Tambi\u00e9n se puede mejorar la apariencia cosm\u00e9tica de los pacientes al atenuar arrugas de expresi\u00f3n o surcos en la cara a trav\u00e9s de rellenos con \u00e1cido hialur\u00f3nico y\/o toxina botul\u00ednica, al realizar cirug\u00edas reconstructivas con o sin colocaci\u00f3n de pr\u00f3tesis o implantes posteriores a extracci\u00f3n de tumores o por deformidades provocadas por accidentes o cirug\u00edas previas, adem\u00e1s de procedimientos para rejuvenecimiento del \u00e1rea alrededor de los ojos y el tercio medio de la cara.<\/p>\n<p>El pterigi\u00f3n tambien conocido como \u201ccarnosidad\u201d es muy com\u00fan en nuestro pa\u00eds y se presenta en pacientes que se han expuesto constantemente al sol sin protecci\u00f3n, actualmente contamos con opciones qu\u00edrurgicas y no qu\u00edrurgicas para removerlo o controlar su crecimiento.<\/p>\n<p>Existen tumores benignos y malignos de la superficie de los ojos y de los p\u00e1rpados, es necesario que un especialista en oculopl\u00e1stica examine los tumores para determinar si una biopsia es necesaria. Un tumor maligno debe ser removido por completo para que no se expanda a otras \u00e1reas o vuelva a aparecer poniendo en riesgo la vida del paciente. Al momento en que se remueve el tumor el cirujano oculopl\u00e1stico tiene la capacidad para reconstruir el \u00e1rea de la mejor manera posible para que el paciente no quede deforme o con un mal aspecto.<\/p>\n<p>El aspecto cansado &nbsp;de su mirada puede ser a causa de arrugas, ojeras o exceso de piel&nbsp; y\/o bolsas en los p\u00e1rpados, pero pueden&nbsp; eliminarse &nbsp;a trav\u00e9s de cirug\u00eda, toxina botul\u00ednica&nbsp; y\/o&nbsp; material de relleno como el \u00e1cido hialur\u00f3nico. Estos tratamientos no dejan cicatrices visibles&nbsp; y tampoco le provocaran cambios en sus rasgos que lo dejen irreconocible ya que su aspecto ser\u00e1 muy natural.<\/p>\n<p>Las fracturas de los huesos que rodean el ojo (\u00f3rbita) casi siempre son causadas por golpes que afectan esa \u00e1rea, si existen fracturas muy extensas el ojo tendr\u00e1 un aspecto hundido y se ver\u00e1 m\u00e1s abajo con respecto al ojo contralateral.&nbsp; En la actualidad existen diversos tipos de implantes que se pueden colocar para reponer el \u00e1rea rota del hueso y mejorar el aspecto del paciente al colocar el ojo en su posici\u00f3n correcta.<\/p>\n<p>La inflamaci\u00f3n del saco lagrimal en la mayor\u00eda de los casos se debe a infecciones bacterianas y es el resultado de una obstrucci\u00f3n de la v\u00eda del drenaje lagrimal a ese nivel. La infecci\u00f3n aguda debe tratarse con antibi\u00f3ticos pero la obstucci\u00f3n \u00fanicamente se resolver\u00e1 al liberar la v\u00eda a trav\u00e9s de una cirug\u00eda en cuanto el paciente ya no est\u00e9 infectado.<\/p>\n<\/div>\n","protected":false},"excerpt":{"rendered":"<p>En la cl\u00ednica de oculopl\u00e1stica se atienden casos de pacientes (adultos y ni\u00f1os) con padecimientos o condiciones que afectan las\u2026<\/p>\n<p> <a class=\"continue-reading-link\" href=\"https:\/\/ipc.org.gt\/?page_id=230\"><span>Continue reading<\/span><i class=\"crycon-right-dir\"><\/i><\/a> <\/p>\n","protected":false},"author":1,"featured_media":0,"parent":0,"menu_order":0,"comment_status":"closed","ping_status":"closed","template":"","meta":{"footnotes":""},"class_list":["post-230","page","type-page","status-publish","hentry"],"_links":{"self":[{"href":"https:\/\/ipc.org.gt\/index.php?rest_route=\/wp\/v2\/pages\/230","targetHints":{"allow":["GET"]}}],"collection":[{"href":"https:\/\/ipc.org.gt\/index.php?rest_route=\/wp\/v2\/pages"}],"about":[{"href":"https:\/\/ipc.org.gt\/index.php?rest_route=\/wp\/v2\/types\/page"}],"author":[{"embeddable":true,"href":"https:\/\/ipc.org.gt\/index.php?rest_route=\/wp\/v2\/users\/1"}],"replies":[{"embeddable":true,"href":"https:\/\/ipc.org.gt\/index.php?rest_route=%2Fwp%2Fv2%2Fcomments&post=230"}],"version-history":[{"count":6,"href":"https:\/\/ipc.org.gt\/index.php?rest_route=\/wp\/v2\/pages\/230\/revisions"}],"predecessor-version":[{"id":873,"href":"https:\/\/ipc.org.gt\/index.php?rest_route=\/wp\/v2\/pages\/230\/revisions\/873"}],"wp:attachment":[{"href":"https:\/\/ipc.org.gt\/index.php?rest_route=%2Fwp%2Fv2%2Fmedia&parent=230"}],"curies":[{"name":"wp","href":"https:\/\/api.w.org\/{rel}","templated":true}]}}