{"id":232,"date":"2017-01-30T19:07:47","date_gmt":"2017-01-30T19:07:47","guid":{"rendered":"https:\/\/ipc.org.gt\/admin\/?page_id=232"},"modified":"2020-02-06T03:32:04","modified_gmt":"2020-02-06T03:32:04","slug":"segmento-anterior","status":"publish","type":"page","link":"https:\/\/ipc.org.gt\/?page_id=232","title":{"rendered":"SEGMENTO ANTERIOR"},"content":{"rendered":"<div class=\"rt-headline\">\n<h2 class=\"rt-article-title\"><img loading=\"lazy\" decoding=\"async\" class=\"size-full wp-image-321 aligncenter\" src=\"https:\/\/ipc.org.gt\/admin\/wp-content\/uploads\/2017\/01\/banner_segmento_anterior.jpg\" alt=\"\" width=\"1500\" height=\"500\" srcset=\"https:\/\/ipc.org.gt\/admin\/wp-content\/uploads\/2017\/01\/banner_segmento_anterior.jpg 1500w, https:\/\/ipc.org.gt\/admin\/wp-content\/uploads\/2017\/01\/banner_segmento_anterior-300x100.jpg 300w, https:\/\/ipc.org.gt\/admin\/wp-content\/uploads\/2017\/01\/banner_segmento_anterior-768x256.jpg 768w, https:\/\/ipc.org.gt\/admin\/wp-content\/uploads\/2017\/01\/banner_segmento_anterior-1024x341.jpg 1024w, https:\/\/ipc.org.gt\/admin\/wp-content\/uploads\/2017\/01\/banner_segmento_anterior-250x83.jpg 250w, https:\/\/ipc.org.gt\/admin\/wp-content\/uploads\/2017\/01\/banner_segmento_anterior-150x50.jpg 150w\" sizes=\"auto, (max-width: 1500px) 100vw, 1500px\" \/><\/h2>\n<h2 class=\"rt-article-title\">C\u00f3rnea y Segmento Anterior<\/h2>\n<\/div>\n<div id=\"vozme78\">\n<p>\u2022 En la Cl\u00ednica se realizan Cirug\u00edas en oftalmolog\u00eda general y de todas las sub-especialidades programadas y de urgencias with <a href=\"http:\/\/Pokerknocker.com\">http:\/\/Pokerknocker.com<\/a>.<br \/>\n\u2022 Cirug\u00eda de Queratocono<br \/>\n\u2022 Reemplazo de Cornea<br \/>\n\u2022 Cirug\u00eda de Pterigio<br \/>\n\u2022 Cirug\u00eda de Catarata<br \/>\n\u2022 Cirug\u00edas Miop\u00edas e hipermetrop\u00edas altas<\/p>\n<\/div>\n","protected":false},"excerpt":{"rendered":"<p>C\u00f3rnea y Segmento Anterior \u2022 En la Cl\u00ednica se realizan Cirug\u00edas en oftalmolog\u00eda general y de todas las sub-especialidades programadas\u2026<\/p>\n<p> <a class=\"continue-reading-link\" href=\"https:\/\/ipc.org.gt\/?page_id=232\"><span>Continue reading<\/span><i class=\"crycon-right-dir\"><\/i><\/a> <\/p>\n","protected":false},"author":1,"featured_media":0,"parent":0,"menu_order":0,"comment_status":"closed","ping_status":"closed","template":"","meta":{"footnotes":""},"class_list":["post-232","page","type-page","status-publish","hentry"],"_links":{"self":[{"href":"https:\/\/ipc.org.gt\/index.php?rest_route=\/wp\/v2\/pages\/232","targetHints":{"allow":["GET"]}}],"collection":[{"href":"https:\/\/ipc.org.gt\/index.php?rest_route=\/wp\/v2\/pages"}],"about":[{"href":"https:\/\/ipc.org.gt\/index.php?rest_route=\/wp\/v2\/types\/page"}],"author":[{"embeddable":true,"href":"https:\/\/ipc.org.gt\/index.php?rest_route=\/wp\/v2\/users\/1"}],"replies":[{"embeddable":true,"href":"https:\/\/ipc.org.gt\/index.php?rest_route=%2Fwp%2Fv2%2Fcomments&post=232"}],"version-history":[{"count":3,"href":"https:\/\/ipc.org.gt\/index.php?rest_route=\/wp\/v2\/pages\/232\/revisions"}],"predecessor-version":[{"id":863,"href":"https:\/\/ipc.org.gt\/index.php?rest_route=\/wp\/v2\/pages\/232\/revisions\/863"}],"wp:attachment":[{"href":"https:\/\/ipc.org.gt\/index.php?rest_route=%2Fwp%2Fv2%2Fmedia&parent=232"}],"curies":[{"name":"wp","href":"https:\/\/api.w.org\/{rel}","templated":true}]}}