{"id":26,"date":"2016-11-24T21:17:55","date_gmt":"2016-11-24T21:17:55","guid":{"rendered":"https:\/\/ipc.org.gt\/admin\/?page_id=26"},"modified":"2023-09-27T18:53:44","modified_gmt":"2023-09-27T18:53:44","slug":"post-grado-de-oftalmologia","status":"publish","type":"page","link":"https:\/\/ipc.org.gt\/?page_id=26","title":{"rendered":"POST GRADO DE OFTALMOLOG\u00cdA"},"content":{"rendered":"<div id=\"lipsum\">\n<p style=\"text-align: justify;\"><img loading=\"lazy\" decoding=\"async\" class=\"size-full wp-image-404 aligncenter\" src=\"https:\/\/ipc.org.gt\/admin\/wp-content\/uploads\/2016\/11\/banner_post.jpg\" alt=\"\" width=\"1500\" height=\"500\" srcset=\"https:\/\/ipc.org.gt\/admin\/wp-content\/uploads\/2016\/11\/banner_post.jpg 1500w, https:\/\/ipc.org.gt\/admin\/wp-content\/uploads\/2016\/11\/banner_post-300x100.jpg 300w, https:\/\/ipc.org.gt\/admin\/wp-content\/uploads\/2016\/11\/banner_post-768x256.jpg 768w, https:\/\/ipc.org.gt\/admin\/wp-content\/uploads\/2016\/11\/banner_post-1024x341.jpg 1024w, https:\/\/ipc.org.gt\/admin\/wp-content\/uploads\/2016\/11\/banner_post-250x83.jpg 250w, https:\/\/ipc.org.gt\/admin\/wp-content\/uploads\/2016\/11\/banner_post-150x50.jpg 150w\" sizes=\"auto, (max-width: 1500px) 100vw, 1500px\" \/><\/p>\n<div align=\"justify\">\n<h2><strong>MARCO ACADEMICO<\/strong><\/h2>\n<h3><strong>Requisitos de ingreso:<\/strong><\/h3>\n<p>Para el programa desarrollado en la Asociaci\u00f3n Instituto Panamericano Contra La Ceguera en la Maestr\u00eda de Oftalmolog\u00eda Integral son:<\/p>\n<p>\u2022 M\u00e9dico y cirujano, colegiado activo. Nacional o extranjero motivado por especializarse en el \u00e1rea de la oftalmolog\u00eda.<\/p>\n<p>\u2022 Manejar m\u00e9todos y t\u00e9cnicas diagn\u00f3sticas,\u00a0 as\u00ed como el desarrollarse en el campo m\u00e9dico quir\u00fargico en oftalmolog\u00eda, trabajar en equipo y resolver de manera \u00e9tica los problemas detectados en los pacientes que consulten a la instituci\u00f3n.<\/p>\n<h3><strong>Actitudes:<\/strong><\/h3>\n<p>Mantener iniciativas y capacidades para su formaci\u00f3n en el \u00e1mbito del aprendizaje inter aulas as\u00ed como en el campo de autoformaci\u00f3n debiendo desarrollar alto grado de responsabilidad a la vez de adquirir formaci\u00f3n cient\u00edfica que le <a style=\"color: #333;\" href=\"http:\/\/dhinc.org\/payday-loans-online-illinois-paycheck-loans-online-visit-our-site\/\">permite el manejo<\/a> adecuado de los problemas de la salud oftalmol\u00f3gica.<\/p>\n<h3><strong>Perfil de Egreso:<\/strong><\/h3>\n<p>Especialistas en oftalmolog\u00eda con excelencia de atenci\u00f3n personalizada, capacitado para desarrollar programas preventivos y t\u00e9cnicas modernas.<\/p>\n<\/div>\n<div align=\"justify\"><img loading=\"lazy\" decoding=\"async\" class=\"size-full wp-image-150 aligncenter\" src=\"https:\/\/ipc.org.gt\/admin\/wp-content\/uploads\/2016\/11\/separador-1.png\" alt=\"\" width=\"590\" height=\"77\" srcset=\"https:\/\/ipc.org.gt\/admin\/wp-content\/uploads\/2016\/11\/separador-1.png 590w, https:\/\/ipc.org.gt\/admin\/wp-content\/uploads\/2016\/11\/separador-1-300x39.png 300w, https:\/\/ipc.org.gt\/admin\/wp-content\/uploads\/2016\/11\/separador-1-250x33.png 250w, https:\/\/ipc.org.gt\/admin\/wp-content\/uploads\/2016\/11\/separador-1-150x20.png 150w\" sizes=\"auto, (max-width: 590px) 100vw, 590px\" \/><\/div>\n<h3 align=\"justify\"><strong>Informaci\u00f3n General:<\/strong><\/h3>\n<div align=\"justify\">\n<p>Formar Oftalm\u00f3logos con la visi\u00f3n integral en la soluci\u00f3n de los principales problemas causantes de la ceguera en Guatemala y en otros pa\u00edses latinoamericanos, teniendo como base la detecci\u00f3n y tratamiento m\u00e9dico quir\u00fargico tempranos a trav\u00e9s de la captaci\u00f3n de pacientes con riesgo en sus propias comunidades e incorporando programas educativos a la poblaci\u00f3n para disminuir la incidencia de ceguera, principalmente en las comunidades rurales donde, m\u00e1s del 80% de los casos es prevenible, pero por desconocimiento e inaccesibilidad a los servicios actuales acuden tard\u00edamente.<\/p>\n<h3><strong>Metodolog\u00eda:<\/strong><\/h3>\n<p><strong><br \/><\/strong>Programas de los tres a\u00f1os de entrenamiento que tiene como caracter\u00edstica principal que el Residente se encuentra permanentemente supervisado por expertos en las diferentes \u00e1reas de la oftalmolog\u00eda as\u00ed, el residente ira adquiriendo destreza tanto m\u00e9dica, quir\u00fargica, preventiva e investigativa de manera progresiva a trav\u00e9s de los diferentes a\u00f1os de entrenamiento.<\/p>\n<p><b>Envi\u00f3<\/b><strong>\u00a0de Solicitud:<\/strong><\/p>\n<\/div>\n<p>Email:\u00a0 \u00a0oftalmologiaipc@gmail.com<\/p>\n<p>Env\u00eda un mensaje a Postgrado de Oftalmolog\u00eda IPC<\/p>\n<p>por WhatsApp. <strong><a href=\"https:\/\/wa.me\/50230314818\" target=\"_blank\" rel=\"noreferrer noopener\">+502 3031 4818<\/a><\/strong><\/p>\n<\/div>\n\n\n<figure class=\"wp-block-image size-full is-resized\"><a href=\"https:\/\/wa.me\/50230314818 \"><img loading=\"lazy\" decoding=\"async\" src=\"https:\/\/ipc.org.gt\/admin\/wp-content\/uploads\/2023\/09\/580b57fcd9996e24bc43c543.png\" alt=\"\" class=\"wp-image-1159\" style=\"width:160px;height:160px\" width=\"160\" height=\"160\" srcset=\"https:\/\/ipc.org.gt\/admin\/wp-content\/uploads\/2023\/09\/580b57fcd9996e24bc43c543.png 1000w, https:\/\/ipc.org.gt\/admin\/wp-content\/uploads\/2023\/09\/580b57fcd9996e24bc43c543-300x300.png 300w, https:\/\/ipc.org.gt\/admin\/wp-content\/uploads\/2023\/09\/580b57fcd9996e24bc43c543-150x150.png 150w, https:\/\/ipc.org.gt\/admin\/wp-content\/uploads\/2023\/09\/580b57fcd9996e24bc43c543-768x768.png 768w\" sizes=\"auto, (max-width: 160px) 100vw, 160px\" \/><\/a><\/figure>\n\n\n\n<p><strong>+502 3031 4818<\/strong> <br>(enlace directo en el icono)<\/p>\n\n\n\n<p><\/p>\n","protected":false},"excerpt":{"rendered":"<p>MARCO ACADEMICO Requisitos de ingreso: Para el programa desarrollado en la Asociaci\u00f3n Instituto Panamericano Contra La Ceguera en la Maestr\u00eda\u2026<\/p>\n<p> <a class=\"continue-reading-link\" href=\"https:\/\/ipc.org.gt\/?page_id=26\"><span>Continue reading<\/span><i class=\"crycon-right-dir\"><\/i><\/a> <\/p>\n","protected":false},"author":1,"featured_media":0,"parent":0,"menu_order":0,"comment_status":"closed","ping_status":"closed","template":"","meta":{"footnotes":""},"class_list":["post-26","page","type-page","status-publish","hentry"],"_links":{"self":[{"href":"https:\/\/ipc.org.gt\/index.php?rest_route=\/wp\/v2\/pages\/26","targetHints":{"allow":["GET"]}}],"collection":[{"href":"https:\/\/ipc.org.gt\/index.php?rest_route=\/wp\/v2\/pages"}],"about":[{"href":"https:\/\/ipc.org.gt\/index.php?rest_route=\/wp\/v2\/types\/page"}],"author":[{"embeddable":true,"href":"https:\/\/ipc.org.gt\/index.php?rest_route=\/wp\/v2\/users\/1"}],"replies":[{"embeddable":true,"href":"https:\/\/ipc.org.gt\/index.php?rest_route=%2Fwp%2Fv2%2Fcomments&post=26"}],"version-history":[{"count":10,"href":"https:\/\/ipc.org.gt\/index.php?rest_route=\/wp\/v2\/pages\/26\/revisions"}],"predecessor-version":[{"id":1167,"href":"https:\/\/ipc.org.gt\/index.php?rest_route=\/wp\/v2\/pages\/26\/revisions\/1167"}],"wp:attachment":[{"href":"https:\/\/ipc.org.gt\/index.php?rest_route=%2Fwp%2Fv2%2Fmedia&parent=26"}],"curies":[{"name":"wp","href":"https:\/\/api.w.org\/{rel}","templated":true}]}}