{"id":967,"date":"2021-05-26T17:38:01","date_gmt":"2021-05-26T17:38:01","guid":{"rendered":"https:\/\/ipc.org.gt\/?page_id=967"},"modified":"2024-01-10T20:37:37","modified_gmt":"2024-01-10T20:37:37","slug":"descarga-informes-mspas-ipc-2021","status":"publish","type":"page","link":"https:\/\/ipc.org.gt\/?page_id=967","title":{"rendered":"Descarga Informes MSPAS\/IPC 2021"},"content":{"rendered":"\n<p>Gracias a la alianza estrat\u00e9gica entre Ministerio de Salud P\u00fablica y Asistencia Social y la Asociaci\u00f3n Instituto Panamericano Contra la Ceguera, y con el apoyo de las distintas alcald\u00edas municipalidades quienes han facilitado la socializaci\u00f3n del programa, la convocatoria en las comunidades, y la log\u00edstica de movilizaci\u00f3n y realizaci\u00f3n de las jornadas oftalmol\u00f3gicas, durante el primer cuatrimestre del a\u00f1o 2021 se ha podido acercar los servicios de salud ocular y prestar atenci\u00f3n m\u00e9dica oftalmol\u00f3gica especializada a personas de las comunidades rurales pertenecientes a los municipios de San Miguel Due\u00f1as, Sacatep\u00e9quez, Jocotenango, Antigua Guatemala, Jacaltenango, y San Antonio Huista, a quienes adem\u00e1s de la consulta con el m\u00e9dico oftalm\u00f3logo especialista, tambi\u00e9n se les hizo entrega de medicamento y lentes oft\u00e1lmicos de manera gratuita.<\/p>\n\n\n\n<p class=\"has-large-font-size\"><strong>INFORMES 2021<\/strong><\/p>\n\n\n\n<div class=\"wp-block-buttons is-horizontal is-content-justification-center is-layout-flex wp-container-core-buttons-is-layout-499968f5 wp-block-buttons-is-layout-flex\">\n<div class=\"wp-block-button\"><a class=\"wp-block-button__link\" href=\"https:\/\/drive.google.com\/file\/d\/1FUEW6xMWBZKOage0aAomWSgyneiWlxI5\/view?usp=sharing\" target=\"_blank\" rel=\"noreferrer noopener\">Informe Enero 2021<\/a><\/div>\n\n\n\n<div class=\"wp-block-button\"><a class=\"wp-block-button__link\" href=\"https:\/\/drive.google.com\/file\/d\/1jYMnQsJ1xZMEhgDVC-hj_2o89alk5fXL\/view?usp=sharing\" target=\"_blank\" rel=\"noreferrer noopener\">Informe Febrero 2021<\/a><\/div>\n\n\n\n<div class=\"wp-block-button\"><a class=\"wp-block-button__link\" href=\"https:\/\/drive.google.com\/file\/d\/1sz_tgZHje9nJ0GJVnVsq_1nDZC7bHzpV\/view?usp=sharing\" target=\"_blank\" rel=\"noreferrer noopener\">Informe Marzo 2021<\/a><\/div>\n\n\n\n<div class=\"wp-block-button\"><a class=\"wp-block-button__link\" href=\"https:\/\/drive.google.com\/file\/d\/16_mDoPbLiC5uf0VQprFyzqKBgxR9Foq5\/view?usp=sharing\" target=\"_blank\" rel=\"noreferrer noopener\">Informe Abril 2021<\/a><\/div>\n\n\n\n<div class=\"wp-block-button\"><a class=\"wp-block-button__link\" href=\"https:\/\/drive.google.com\/file\/d\/1k04IAax9GjjE3FO2UNCuLwxiCegYatOB\/view?usp=sharing\" target=\"_blank\" rel=\"noreferrer noopener\">Informe Mayo 2021<\/a><\/div>\n\n\n\n<div class=\"wp-block-button\"><a class=\"wp-block-button__link\" href=\"https:\/\/drive.google.com\/file\/d\/1QnmBsrEgAcKpxRfoARGjP2JIp5vL4m6Z\/view?usp=sharing\" target=\"_blank\" rel=\"noreferrer noopener\">Informe Junio 2021<\/a><\/div>\n\n\n\n<div class=\"wp-block-button\"><a class=\"wp-block-button__link\" href=\"https:\/\/drive.google.com\/file\/d\/1ypDHGRqkCc7YuyQ087C_PnGwgloiYoU4\/view?usp=sharing\" target=\"_blank\" rel=\"noreferrer noopener\">Informe Julio 2021<\/a><\/div>\n\n\n\n<div class=\"wp-block-button\"><a class=\"wp-block-button__link\" href=\"https:\/\/drive.google.com\/file\/d\/1PlnDccu8JEMk9L4_kzED-aNs0bzrPWvu\/view?usp=sharing\" target=\"_blank\" rel=\"noreferrer noopener\">Informe Agosto 2021<\/a><\/div>\n\n\n\n<div class=\"wp-block-button\"><a class=\"wp-block-button__link\" href=\"https:\/\/drive.google.com\/file\/d\/13CoaZtjC5r1oR5l05UoY5iyrWHtC9Syi\/view?usp=sharing\" target=\"_blank\" rel=\"noreferrer noopener\">Informe Septiembre 2021<\/a><\/div>\n\n\n\n<div class=\"wp-block-button\"><a class=\"wp-block-button__link\" href=\"https:\/\/drive.google.com\/file\/d\/1RVlweXW6pt1rzt5VeAFVKdO2ZHIr7iAG\/view?usp=sharing\" target=\"_blank\" rel=\"noreferrer noopener\">Informe Octubre 2021<\/a><\/div>\n\n\n\n<div class=\"wp-block-button\"><a class=\"wp-block-button__link\" href=\"https:\/\/drive.google.com\/file\/d\/10teAUjBioCXhPcTTjGPXaf05zNT7-gy3\/view?usp=sharing\" target=\"_blank\" rel=\"noreferrer noopener\">Informe Noviembre 2021<\/a><\/div>\n\n\n\n<div class=\"wp-block-button\"><a class=\"wp-block-button__link\" href=\"https:\/\/drive.google.com\/file\/d\/1JxPrfY_ntkpSjRLrw9DZ6IwhF_M-Zn05\/view?usp=sharing\">Informe Diciembre 2021<\/a><\/div>\n<\/div>\n\n\n\n<p><\/p>\n","protected":false},"excerpt":{"rendered":"<p>Gracias a la alianza estrat\u00e9gica entre Ministerio de Salud P\u00fablica y Asistencia Social y la Asociaci\u00f3n Instituto Panamericano Contra la\u2026<\/p>\n<p> <a class=\"continue-reading-link\" href=\"https:\/\/ipc.org.gt\/?page_id=967\"><span>Continue reading<\/span><i class=\"crycon-right-dir\"><\/i><\/a> <\/p>\n","protected":false},"author":441,"featured_media":0,"parent":879,"menu_order":2,"comment_status":"closed","ping_status":"closed","template":"","meta":{"footnotes":""},"class_list":["post-967","page","type-page","status-publish","hentry"],"_links":{"self":[{"href":"https:\/\/ipc.org.gt\/index.php?rest_route=\/wp\/v2\/pages\/967","targetHints":{"allow":["GET"]}}],"collection":[{"href":"https:\/\/ipc.org.gt\/index.php?rest_route=\/wp\/v2\/pages"}],"about":[{"href":"https:\/\/ipc.org.gt\/index.php?rest_route=\/wp\/v2\/types\/page"}],"author":[{"embeddable":true,"href":"https:\/\/ipc.org.gt\/index.php?rest_route=\/wp\/v2\/users\/441"}],"replies":[{"embeddable":true,"href":"https:\/\/ipc.org.gt\/index.php?rest_route=%2Fwp%2Fv2%2Fcomments&post=967"}],"version-history":[{"count":10,"href":"https:\/\/ipc.org.gt\/index.php?rest_route=\/wp\/v2\/pages\/967\/revisions"}],"predecessor-version":[{"id":1019,"href":"https:\/\/ipc.org.gt\/index.php?rest_route=\/wp\/v2\/pages\/967\/revisions\/1019"}],"up":[{"embeddable":true,"href":"https:\/\/ipc.org.gt\/index.php?rest_route=\/wp\/v2\/pages\/879"}],"wp:attachment":[{"href":"https:\/\/ipc.org.gt\/index.php?rest_route=%2Fwp%2Fv2%2Fmedia&parent=967"}],"curies":[{"name":"wp","href":"https:\/\/api.w.org\/{rel}","templated":true}]}}